{"id":87,"date":"2021-01-20T18:17:38","date_gmt":"2021-01-20T17:17:38","guid":{"rendered":"https:\/\/devob.me\/?page_id=87"},"modified":"2021-02-20T17:10:47","modified_gmt":"2021-02-20T16:10:47","slug":"usluge","status":"publish","type":"page","link":"http:\/\/vobit.me\/en\/usluge\/","title":{"rendered":"Services"},"content":{"rendered":"<h2>Software development<\/h2>\n\n\n\n<div class=\"wp-block-media-text alignwide is-stacked-on-mobile\" style=\"grid-template-columns:15% auto\"><figure class=\"wp-block-media-text__media\"><img loading=\"lazy\" width=\"669\" height=\"603\" src=\"https:\/\/vobit.me\/wp-content\/uploads\/2021\/02\/dev2.png\" alt=\"\" class=\"wp-image-3980 size-full\" srcset=\"http:\/\/vobit.me\/wp-content\/uploads\/2021\/02\/dev2.png 669w, http:\/\/vobit.me\/wp-content\/uploads\/2021\/02\/dev2-300x270.png 300w, http:\/\/vobit.me\/wp-content\/uploads\/2021\/02\/dev2-13x12.png 13w, http:\/\/vobit.me\/wp-content\/uploads\/2021\/02\/dev2-129x116.png 129w\" sizes=\"(max-width: 669px) 100vw, 669px\" \/><\/figure><div class=\"wp-block-media-text__content\">\n<p>We develop web and mobile applications for you and your needs, which aim to support and improve your business. The first step in creating any solution is to get to know your processes, needs and data. Based on the collected data and our decades of experience, in cooperation with you, we propose the best solution tailored just for you. Our clients participate, together with us, in all phases of software development, which guarantees the usability and success of your application solution.<\/p>\n\n\n\n<p>Our team is fully committed to your project. Whether it is small or large projects, each of your projects will have our full focus. Let us organize your business for you.<\/p>\n<\/div><\/div>\n\n\n\n<hr class=\"wp-block-separator\"\/>\n\n\n\n<h2>SaaS\u00a0 \u2013 Software as a Service<\/h2>\n\n\n\n<div class=\"wp-block-media-text alignwide has-media-on-the-right is-stacked-on-mobile\" style=\"grid-template-columns:auto 20%\"><figure class=\"wp-block-media-text__media\"><img loading=\"lazy\" width=\"740\" height=\"1024\" src=\"https:\/\/vobit.me\/wp-content\/uploads\/2021\/02\/cogs2-740x1024.png\" alt=\"\" class=\"wp-image-3982 size-full\" srcset=\"http:\/\/vobit.me\/wp-content\/uploads\/2021\/02\/cogs2-740x1024.png 740w, http:\/\/vobit.me\/wp-content\/uploads\/2021\/02\/cogs2-217x300.png 217w, http:\/\/vobit.me\/wp-content\/uploads\/2021\/02\/cogs2-768x1063.png 768w, http:\/\/vobit.me\/wp-content\/uploads\/2021\/02\/cogs2-1110x1536.png 1110w, http:\/\/vobit.me\/wp-content\/uploads\/2021\/02\/cogs2-9x12.png 9w, http:\/\/vobit.me\/wp-content\/uploads\/2021\/02\/cogs2-84x116.png 84w, http:\/\/vobit.me\/wp-content\/uploads\/2021\/02\/cogs2.png 1179w\" sizes=\"(max-width: 740px) 100vw, 740px\" \/><\/figure><div class=\"wp-block-media-text__content\">\n<p>The basis of our company's business is the provision of SaaS services. This approach is especially interesting for companies that cannot invest a lot of money in software solutions or want a quick return on investment. Software as a service is a modern way of delivering software solutions in the form of a web application. The great advantage of this use of software is that the user does not have a large initial investment, but the software is paid in the form of a monthly rent.<\/p>\n\n\n\n<figure class=\"wp-block-table\"><table><tbody><tr><td>Personal software<\/td><td>Software as a service<\/td><\/tr><tr><td>It is paid in advance<\/td><td>It is paid monthly, per use<\/td><\/tr><tr><td>High initial costs<\/td><td>Low initial costs<\/td><\/tr><tr><td>Application costs, maintenance, infrastructure, IT resources<\/td><td>Subscription costs and minimal engagement of IT resources<\/td><\/tr><tr><td>Longer time required for configuration and implementation<\/td><td>Fast implementation<\/td><\/tr><\/tbody><\/table><\/figure>\n\n\n\n<p>This approach in the rental price provides for the payment of all necessary licenses, hosting solutions and other agreed services in through the monthly rent. We can tailor our SaaS software to your needs and requirements, with flexible payment methods. Our SaaS solutions are developed to be easy to localize and easily operate in a multilingual environment, if your business requires it.<\/p>\n<\/div><\/div>\n\n\n\n<p><\/p>\n\n\n\n<hr class=\"wp-block-separator\"\/>\n\n\n\n<h2>IT consulting<\/h2>\n\n\n\n<div class=\"wp-block-media-text alignwide is-stacked-on-mobile\" style=\"grid-template-columns:15% auto\"><figure class=\"wp-block-media-text__media\"><img loading=\"lazy\" width=\"600\" height=\"553\" src=\"https:\/\/vobit.me\/wp-content\/uploads\/2021\/02\/magnify2.png\" alt=\"\" class=\"wp-image-3976 size-full\" srcset=\"http:\/\/vobit.me\/wp-content\/uploads\/2021\/02\/magnify2.png 600w, http:\/\/vobit.me\/wp-content\/uploads\/2021\/02\/magnify2-300x277.png 300w, http:\/\/vobit.me\/wp-content\/uploads\/2021\/02\/magnify2-13x12.png 13w, http:\/\/vobit.me\/wp-content\/uploads\/2021\/02\/magnify2-126x116.png 126w\" sizes=\"(max-width: 600px) 100vw, 600px\" \/><\/figure><div class=\"wp-block-media-text__content\">\n<p>The best solutions are solutions backed by extensive experience. Our knowledge and experience, both in the IT sector and in commercial activities, analytics, operations, are at your disposal. Take advantage of them!<\/p>\n\n\n\n<p>For all companies that do not have their own IT service, we are at your disposal to help you choose the appropriate software, hardware, licenses, infrastructure as well as to solve other IT problems and issues. If the issues and systems are large, we can help you through our partners who have decades of experience in complex IT solutions. Feel free to contact us, we are here for you!<\/p>\n<\/div><\/div>\n\n\n\n<hr class=\"wp-block-separator\"\/>\n\n\n\n<h2>Hardware and software maintenance<\/h2>\n\n\n\n<div class=\"wp-block-media-text alignwide has-media-on-the-right is-stacked-on-mobile\" style=\"grid-template-columns:auto 15%\"><figure class=\"wp-block-media-text__media\"><img loading=\"lazy\" width=\"660\" height=\"663\" src=\"https:\/\/vobit.me\/wp-content\/uploads\/2021\/02\/wrench2.png\" alt=\"\" class=\"wp-image-3973 size-full\" srcset=\"http:\/\/vobit.me\/wp-content\/uploads\/2021\/02\/wrench2.png 660w, http:\/\/vobit.me\/wp-content\/uploads\/2021\/02\/wrench2-300x300.png 300w, http:\/\/vobit.me\/wp-content\/uploads\/2021\/02\/wrench2-150x150.png 150w, http:\/\/vobit.me\/wp-content\/uploads\/2021\/02\/wrench2-12x12.png 12w, http:\/\/vobit.me\/wp-content\/uploads\/2021\/02\/wrench2-115x116.png 115w\" sizes=\"(max-width: 660px) 100vw, 660px\" \/><\/figure><div class=\"wp-block-media-text__content\">\n<p>We are here to simplify for you! Do business completely legally, rationalize your costs, and leave the care of your software and hardware to us. Together we will find the most optimal solution!<\/p>\n\n\n\n<p>With our installation, training and maintenance you will be able to base your business on <em>open source<\/em> technologies that will fully meet the needs of your business, completely legally, with very reasonable operating costs.<\/p>\n<\/div><\/div>","protected":false},"excerpt":{"rendered":"<p>Razvoj softverskih rje\u0161enja Za Vas i Va\u0161e potrebe razvijamo web i mobilne aplikacije koje imaju za cilj podr\u017eati i unaprijediti Va\u0161e poslovanje. Prvi korak u izradi svakog rje\u0161enja je upoznavanje sa Va\u0161im procesima, potrebama i podacima. Na osnovu prikupljenih podataka i na\u0161eg decenijskog iskustva, u saradnji sa Vama predla\u017eemo najbolje rje\u0161enje skrojeno samo za Vas. Na\u0161i klijenti u\u010destvuju, zajedno sa nama, u svim fazama izrade softvera, \u0161to garantuje upotrebivost i uspje\u0161nost Vama skrojenog aplikativnog rje\u0161enja. Na\u0161 tim je u potpunosti&hellip;<\/p>","protected":false},"author":1,"featured_media":0,"parent":0,"menu_order":0,"comment_status":"closed","ping_status":"closed","template":"","meta":{"_monsterinsights_skip_tracking":false,"_monsterinsights_sitenote_active":false,"_monsterinsights_sitenote_note":"","_monsterinsights_sitenote_category":0},"_links":{"self":[{"href":"http:\/\/vobit.me\/en\/wp-json\/wp\/v2\/pages\/87"}],"collection":[{"href":"http:\/\/vobit.me\/en\/wp-json\/wp\/v2\/pages"}],"about":[{"href":"http:\/\/vobit.me\/en\/wp-json\/wp\/v2\/types\/page"}],"author":[{"embeddable":true,"href":"http:\/\/vobit.me\/en\/wp-json\/wp\/v2\/users\/1"}],"replies":[{"embeddable":true,"href":"http:\/\/vobit.me\/en\/wp-json\/wp\/v2\/comments?post=87"}],"version-history":[{"count":33,"href":"http:\/\/vobit.me\/en\/wp-json\/wp\/v2\/pages\/87\/revisions"}],"predecessor-version":[{"id":4020,"href":"http:\/\/vobit.me\/en\/wp-json\/wp\/v2\/pages\/87\/revisions\/4020"}],"wp:attachment":[{"href":"http:\/\/vobit.me\/en\/wp-json\/wp\/v2\/media?parent=87"}],"curies":[{"name":"wp","href":"https:\/\/api.w.org\/{rel}","templated":true}]}}