{"id":21,"date":"2021-01-20T08:59:13","date_gmt":"2021-01-20T07:59:13","guid":{"rendered":"https:\/\/devob.me\/?page_id=21"},"modified":"2021-02-21T13:10:50","modified_gmt":"2021-02-21T12:10:50","slug":"o-nama","status":"publish","type":"page","link":"http:\/\/vobit.me\/en\/o-nama\/","title":{"rendered":"Info"},"content":{"rendered":"<h2>Information and news<\/h2>\n\n\n\n<div class=\"wp-block-media-text alignwide is-stacked-on-mobile\" style=\"grid-template-columns:15% auto\"><figure class=\"wp-block-media-text__media\"><img loading=\"lazy\" width=\"626\" height=\"626\" src=\"https:\/\/vobit.me\/wp-content\/uploads\/2021\/02\/blogging-1.jpg\" alt=\"\" class=\"wp-image-3984 size-portfolio\" srcset=\"http:\/\/vobit.me\/wp-content\/uploads\/2021\/02\/blogging-1.jpg 626w, http:\/\/vobit.me\/wp-content\/uploads\/2021\/02\/blogging-1-300x300.jpg 300w, http:\/\/vobit.me\/wp-content\/uploads\/2021\/02\/blogging-1-150x150.jpg 150w, http:\/\/vobit.me\/wp-content\/uploads\/2021\/02\/blogging-1-12x12.jpg 12w, http:\/\/vobit.me\/wp-content\/uploads\/2021\/02\/blogging-1-116x116.jpg 116w\" sizes=\"(max-width: 626px) 100vw, 626px\" \/><\/figure><div class=\"wp-block-media-text__content\">\n<p><\/p>\n\n\n\n<p style=\"font-size:18px\" class=\" translation-block\">In order to inform you about the latest developments in our Studio, but also to share some interesting information with you, we will be creative in this section. Your opinions, questions and suggestions are certainly welcome, so feel free to share them with us. In any case, we hope you will be able to find educational information here. If you have a question or topic that we would like to cover, feel free to contact us via the <a> contact page<\/a>.<\/p>\n<\/div><\/div>\n\n\n\n<hr class=\"wp-block-separator\"\/>\n\n\n<ul class=\"wp-block-latest-posts__list has-dates wp-block-latest-posts\"><li><a class=\"wp-block-latest-posts__post-title\" href=\"http:\/\/vobit.me\/en\/2021\/02\/18\/softver-kao-servis-saas\/\">What exactly is software as a service (SaaS)?<\/a><time datetime=\"2021-02-18T17:03:18+01:00\" class=\"wp-block-latest-posts__post-date\">February 18, 2021<\/time><div class=\"wp-block-latest-posts__post-excerpt\">Software as a service is a modern way of delivering software solutions in the form of a web application, which allows its use without large initial investments.<\/div><\/li>\n<\/ul>\n\n\n<p><\/p>","protected":false},"excerpt":{"rendered":"<p>Informacije i novosti U \u017eelji da Vas informi\u0161emo o najnovijim de\u0161avanjima u na\u0161em Studiju, ali i da sa Vama podjelimo neke interesantne informacije, u ovoj sekciji \u0107emo biti kreativni. Va\u0161a mi\u0161ljenja, pitanja i sugestije su svakako dobro do\u0161li, te ih slobodno podjelite sa nama. U svakom slu\u010daju, nadamo se da \u0107ete ovdje uspjeti na\u0107i edukativne informacije. Ako imate neko pitanje ili temu koju bi \u017eeljeli da obradimo, slobodno nam se obratite putem stranice za kontakte.<\/p>","protected":false},"author":1,"featured_media":0,"parent":0,"menu_order":0,"comment_status":"closed","ping_status":"closed","template":"","meta":{"_monsterinsights_skip_tracking":false,"_monsterinsights_sitenote_active":false,"_monsterinsights_sitenote_note":"","_monsterinsights_sitenote_category":0},"_links":{"self":[{"href":"http:\/\/vobit.me\/en\/wp-json\/wp\/v2\/pages\/21"}],"collection":[{"href":"http:\/\/vobit.me\/en\/wp-json\/wp\/v2\/pages"}],"about":[{"href":"http:\/\/vobit.me\/en\/wp-json\/wp\/v2\/types\/page"}],"author":[{"embeddable":true,"href":"http:\/\/vobit.me\/en\/wp-json\/wp\/v2\/users\/1"}],"replies":[{"embeddable":true,"href":"http:\/\/vobit.me\/en\/wp-json\/wp\/v2\/comments?post=21"}],"version-history":[{"count":51,"href":"http:\/\/vobit.me\/en\/wp-json\/wp\/v2\/pages\/21\/revisions"}],"predecessor-version":[{"id":4036,"href":"http:\/\/vobit.me\/en\/wp-json\/wp\/v2\/pages\/21\/revisions\/4036"}],"wp:attachment":[{"href":"http:\/\/vobit.me\/en\/wp-json\/wp\/v2\/media?parent=21"}],"curies":[{"name":"wp","href":"https:\/\/api.w.org\/{rel}","templated":true}]}}